{"id":6639,"date":"2021-05-17T17:05:58","date_gmt":"2021-05-17T17:05:58","guid":{"rendered":"https:\/\/graswurzle.ch\/?page_id=6639"},"modified":"2023-08-04T16:16:50","modified_gmt":"2023-08-04T15:16:50","slug":"lokalgruppen","status":"publish","type":"page","link":"https:\/\/graswurzle.ch\/fr\/lokalgruppen\/","title":{"rendered":"Groupes locaux"},"content":{"rendered":"<div data-elementor-type=\"wp-page\" data-elementor-id=\"6639\" class=\"elementor elementor-6639\" data-elementor-post-type=\"page\">\n\t\t\t\t\t\t<section class=\"elementor-section elementor-top-section elementor-element elementor-element-caa7af1 elementor-section-stretched elementor-section-boxed elementor-section-height-default elementor-section-height-default\" data-id=\"caa7af1\" data-element_type=\"section\" data-settings=\"{&quot;stretch_section&quot;:&quot;section-stretched&quot;,&quot;background_background&quot;:&quot;classic&quot;}\">\n\t\t\t\t\t\t<div class=\"elementor-container elementor-column-gap-default\">\n\t\t\t\t\t<div class=\"elementor-column elementor-col-100 elementor-top-column elementor-element elementor-element-52e3b23\" data-id=\"52e3b23\" data-element_type=\"column\" data-settings=\"{&quot;background_background&quot;:&quot;classic&quot;}\">\n\t\t\t<div class=\"elementor-widget-wrap elementor-element-populated\">\n\t\t\t\t\t\t<div class=\"elementor-element elementor-element-16ae7e9 elementor-widget elementor-widget-heading\" data-id=\"16ae7e9\" data-element_type=\"widget\" data-widget_type=\"heading.default\">\n\t\t\t\t<div class=\"elementor-widget-container\">\n\t\t\t<h1 class=\"elementor-heading-title elementor-size-default\">Groupes locaux<\/h1>\t\t<\/div>\n\t\t\t\t<\/div>\n\t\t\t\t<div class=\"elementor-element elementor-element-8ef5c46 elementor-widget elementor-widget-text-editor\" data-id=\"8ef5c46\" data-element_type=\"widget\" data-widget_type=\"text-editor.default\">\n\t\t\t\t<div class=\"elementor-widget-container\">\n\t\t\t\t\t\t\t<p><strong>Der Verein Graswurzle f\u00f6rdert die Vernetzung und die Beziehung unter Menschen. <\/strong><br \/>Dabei ist die lokale Vernetzung wichtig. In unmittelbarer N\u00e4he ist es am einfachsten, um sich kennenzulernen und um gemeinsam lokale Strukturen aufzubauen.\u00a0<\/p><p>Dies gelingt nur, wenn sich die Menschen kennen, vertrauen und daf\u00fcr gewisse gruppendynamische Prozesse durchlaufen. Damit dies stattfinden kann, braucht es Treffen und die M\u00f6glichkeit f\u00fcr Austausch.<\/p><p>\u00a0<\/p><p><strong>Corona liegt hinter uns, die Bedrohung unserer Freiheit aber nicht! <\/strong><\/p><p><br \/>Ein m\u00f6glichst hohes Mass an Freiheit zu bewahren, ist f\u00fcr viele eine Motivation um sich bei Graswurzle zu engagieren.<\/p><p>Die lokale Vernetzung ist ein Teil davon, wenn wir aber eine echte Chance auf Alternativen haben wollen, reicht das nicht. Als Graswurzle Gesch\u00e4ftsstelle arbeiten wir daran, diese Strukturen schweizweit und \u00fcber alle Lebensbereiche hinweg zu etablieren und uns \u00fcber die Landesgrenzen hinaus zu vernetzen.<\/p>\t\t\t\t\t\t<\/div>\n\t\t\t\t<\/div>\n\t\t\t\t<div class=\"elementor-element elementor-element-0dbdf6d elementor-widget elementor-widget-spacer\" data-id=\"0dbdf6d\" data-element_type=\"widget\" data-widget_type=\"spacer.default\">\n\t\t\t\t<div class=\"elementor-widget-container\">\n\t\t\t\t\t<div class=\"elementor-spacer\">\n\t\t\t<div class=\"elementor-spacer-inner\"><\/div>\n\t\t<\/div>\n\t\t\t\t<\/div>\n\t\t\t\t<\/div>\n\t\t\t\t<div class=\"elementor-element elementor-element-e7ec150 elementor-widget elementor-widget-text-editor\" data-id=\"e7ec150\" data-element_type=\"widget\" data-widget_type=\"text-editor.default\">\n\t\t\t\t<div class=\"elementor-widget-container\">\n\t\t\t\t\t\t\t<p>Klicke auf einen Kanton um per e-mail Kontakte zu Graswurzlern in deiner Region zu erhalten &#8211; oder schreibe an <a href=\"mailto:vernetzung@graswurzle.ch\">vernetzung@graswurzle.ch<\/a><\/p>\t\t\t\t\t\t<\/div>\n\t\t\t\t<\/div>\n\t\t\t\t<div class=\"elementor-element elementor-element-2320d9c elementor-widget elementor-widget-shortcode\" data-id=\"2320d9c\" data-element_type=\"widget\" data-widget_type=\"shortcode.default\">\n\t\t\t\t<div class=\"elementor-widget-container\">\n\t\t\t\t\t<div class=\"elementor-shortcode\"><div class=\"map_wrapper\" id=\"map_wrapper_19416\">\n<div class=\"map_box\" style=\"max-width:2200px\">\n<div class=\"map_aspect_ratio\" style=\"padding-top:56%\" data-padding-top=\"56%\" data-padding-top-mobile=\"0%\">\n<div class=\"map_container\">\n<div class=\"map_render map_loading\" id=\"map_19416\"><\/div>\n<\/div>\n<\/div>\n<\/div>\n<\/div><\/div>\n\t\t\t\t<\/div>\n\t\t\t\t<\/div>\n\t\t\t\t<div class=\"elementor-element elementor-element-b7ad6dc elementor-widget elementor-widget-spacer\" data-id=\"b7ad6dc\" data-element_type=\"widget\" data-widget_type=\"spacer.default\">\n\t\t\t\t<div class=\"elementor-widget-container\">\n\t\t\t\t\t<div class=\"elementor-spacer\">\n\t\t\t<div class=\"elementor-spacer-inner\"><\/div>\n\t\t<\/div>\n\t\t\t\t<\/div>\n\t\t\t\t<\/div>\n\t\t\t\t\t<\/div>\n\t\t<\/div>\n\t\t\t\t\t<\/div>\n\t\t<\/section>\n\t\t\t\t<\/div>","protected":false},"excerpt":{"rendered":"<p>Lokalgruppen Der Verein Graswurzle f\u00f6rdert die Vernetzung und die Beziehung unter Menschen. Dabei ist die lokale Vernetzung wichtig. In unmittelbarer N\u00e4he ist es am einfachsten, um sich kennenzulernen und um gemeinsam lokale Strukturen aufzubauen.\u00a0 Dies gelingt nur, wenn sich die &hellip;<\/p>\n<p class=\"read-more\"> <a class=\"more-link\" href=\"https:\/\/graswurzle.ch\/fr\/lokalgruppen\/\"> <span class=\"screen-reader-text\">Groupes locaux<\/span> Read More &raquo;<\/a><\/p>","protected":false},"author":13,"featured_media":0,"parent":0,"menu_order":1,"comment_status":"closed","ping_status":"closed","template":"elementor_header_footer","meta":{"footnotes":""},"class_list":["post-6639","page","type-page","status-publish","hentry"],"acf":[],"yoast_head":"<!-- This site is optimized with the Yoast SEO plugin v24.9 - https:\/\/yoast.com\/wordpress\/plugins\/seo\/ -->\n<title>Lokalgruppen Graswurzle interaktive Karte<\/title>\n<meta name=\"description\" content=\"Graswurzle Lokalgruppen in der Schweiz: klick auf die interaktive Map, erkunde deine Region und nimm Kontakt zu anderen Graswurzlern auf!\" \/>\n<meta name=\"robots\" content=\"index, follow, max-snippet:-1, max-image-preview:large, max-video-preview:-1\" \/>\n<link rel=\"canonical\" href=\"https:\/\/graswurzle.ch\/fr\/lokalgruppen\/\" \/>\n<meta property=\"og:locale\" content=\"fr_FR\" \/>\n<meta property=\"og:type\" content=\"article\" \/>\n<meta property=\"og:title\" content=\"Lokalgruppen Graswurzle interaktive Karte\" \/>\n<meta property=\"og:description\" content=\"Graswurzle Lokalgruppen in der Schweiz: klick auf die interaktive Map, erkunde deine Region und nimm Kontakt zu anderen Graswurzlern auf!\" \/>\n<meta property=\"og:url\" content=\"https:\/\/graswurzle.ch\/fr\/lokalgruppen\/\" \/>\n<meta property=\"og:site_name\" content=\"Graswurzle\" \/>\n<meta property=\"article:modified_time\" content=\"2023-08-04T15:16:50+00:00\" \/>\n<meta property=\"og:image\" content=\"https:\/\/graswurzle.ch\/wp-content\/uploads\/2022\/12\/lokalgruppen-graswurzle.jpg\" \/>\n\t<meta property=\"og:image:width\" content=\"1200\" \/>\n\t<meta property=\"og:image:height\" content=\"630\" \/>\n\t<meta property=\"og:image:type\" content=\"image\/jpeg\" \/>\n<meta name=\"twitter:card\" content=\"summary_large_image\" \/>\n<meta name=\"twitter:title\" content=\"Lokalgruppen Graswurzle interaktive Karte\" \/>\n<meta name=\"twitter:description\" content=\"Graswurzle Lokalgruppen in der Schweiz: klick auf die interaktive Map, erkunde deine Region und nimm Kontakt zu anderen Graswurzlern auf!\" \/>\n<meta name=\"twitter:image\" content=\"https:\/\/graswurzle.ch\/wp-content\/uploads\/2022\/12\/lokalgruppen-graswurzle.jpg\" \/>\n<meta name=\"twitter:label1\" content=\"Dur\u00e9e de lecture estim\u00e9e\" \/>\n\t<meta name=\"twitter:data1\" content=\"1 minute\" \/>\n<script type=\"application\/ld+json\" class=\"yoast-schema-graph\">{\"@context\":\"https:\/\/schema.org\",\"@graph\":[{\"@type\":\"WebPage\",\"@id\":\"https:\/\/graswurzle.ch\/lokalgruppen\/\",\"url\":\"https:\/\/graswurzle.ch\/lokalgruppen\/\",\"name\":\"Lokalgruppen Graswurzle interaktive Karte\",\"isPartOf\":{\"@id\":\"https:\/\/graswurzle.ch\/#website\"},\"datePublished\":\"2021-05-17T17:05:58+00:00\",\"dateModified\":\"2023-08-04T15:16:50+00:00\",\"description\":\"Graswurzle Lokalgruppen in der Schweiz: klick auf die interaktive Map, erkunde deine Region und nimm Kontakt zu anderen Graswurzlern auf!\",\"breadcrumb\":{\"@id\":\"https:\/\/graswurzle.ch\/lokalgruppen\/#breadcrumb\"},\"inLanguage\":\"fr-FR\",\"potentialAction\":[{\"@type\":\"ReadAction\",\"target\":[\"https:\/\/graswurzle.ch\/lokalgruppen\/\"]}]},{\"@type\":\"BreadcrumbList\",\"@id\":\"https:\/\/graswurzle.ch\/lokalgruppen\/#breadcrumb\",\"itemListElement\":[{\"@type\":\"ListItem\",\"position\":1,\"name\":\"Home\",\"item\":\"https:\/\/graswurzle.ch\/\"},{\"@type\":\"ListItem\",\"position\":2,\"name\":\"Lokalgruppen\"}]},{\"@type\":\"WebSite\",\"@id\":\"https:\/\/graswurzle.ch\/#website\",\"url\":\"https:\/\/graswurzle.ch\/\",\"name\":\"Graswurzle\",\"description\":\"Begegnung -Beziehung -Boden f\u00fcr Neues!\",\"publisher\":{\"@id\":\"https:\/\/graswurzle.ch\/#organization\"},\"potentialAction\":[{\"@type\":\"SearchAction\",\"target\":{\"@type\":\"EntryPoint\",\"urlTemplate\":\"https:\/\/graswurzle.ch\/?s={search_term_string}\"},\"query-input\":{\"@type\":\"PropertyValueSpecification\",\"valueRequired\":true,\"valueName\":\"search_term_string\"}}],\"inLanguage\":\"fr-FR\"},{\"@type\":\"Organization\",\"@id\":\"https:\/\/graswurzle.ch\/#organization\",\"name\":\"Graswurzle\",\"url\":\"https:\/\/graswurzle.ch\/\",\"logo\":{\"@type\":\"ImageObject\",\"inLanguage\":\"fr-FR\",\"@id\":\"https:\/\/graswurzle.ch\/#\/schema\/logo\/image\/\",\"url\":\"https:\/\/graswurzle.ch\/wp-content\/uploads\/2024\/07\/cropped-gw_logo_neue_schrift.png\",\"contentUrl\":\"https:\/\/graswurzle.ch\/wp-content\/uploads\/2024\/07\/cropped-gw_logo_neue_schrift.png\",\"width\":1000,\"height\":373,\"caption\":\"Graswurzle\"},\"image\":{\"@id\":\"https:\/\/graswurzle.ch\/#\/schema\/logo\/image\/\"}}]}<\/script>\n<!-- \/ Yoast SEO plugin. -->","yoast_head_json":{"title":"Lokalgruppen Graswurzle interaktive Karte","description":"Graswurzle Lokalgruppen in der Schweiz: klick auf die interaktive Map, erkunde deine Region und nimm Kontakt zu anderen Graswurzlern auf!","robots":{"index":"index","follow":"follow","max-snippet":"max-snippet:-1","max-image-preview":"max-image-preview:large","max-video-preview":"max-video-preview:-1"},"canonical":"https:\/\/graswurzle.ch\/fr\/lokalgruppen\/","og_locale":"fr_FR","og_type":"article","og_title":"Lokalgruppen Graswurzle interaktive Karte","og_description":"Graswurzle Lokalgruppen in der Schweiz: klick auf die interaktive Map, erkunde deine Region und nimm Kontakt zu anderen Graswurzlern auf!","og_url":"https:\/\/graswurzle.ch\/fr\/lokalgruppen\/","og_site_name":"Graswurzle","article_modified_time":"2023-08-04T15:16:50+00:00","og_image":[{"width":1200,"height":630,"url":"https:\/\/graswurzle.ch\/wp-content\/uploads\/2022\/12\/lokalgruppen-graswurzle.jpg","type":"image\/jpeg"}],"twitter_card":"summary_large_image","twitter_title":"Lokalgruppen Graswurzle interaktive Karte","twitter_description":"Graswurzle Lokalgruppen in der Schweiz: klick auf die interaktive Map, erkunde deine Region und nimm Kontakt zu anderen Graswurzlern auf!","twitter_image":"https:\/\/graswurzle.ch\/wp-content\/uploads\/2022\/12\/lokalgruppen-graswurzle.jpg","twitter_misc":{"Dur\u00e9e de lecture estim\u00e9e":"1 minute"},"schema":{"@context":"https:\/\/schema.org","@graph":[{"@type":"WebPage","@id":"https:\/\/graswurzle.ch\/lokalgruppen\/","url":"https:\/\/graswurzle.ch\/lokalgruppen\/","name":"Lokalgruppen Graswurzle interaktive Karte","isPartOf":{"@id":"https:\/\/graswurzle.ch\/#website"},"datePublished":"2021-05-17T17:05:58+00:00","dateModified":"2023-08-04T15:16:50+00:00","description":"Graswurzle Lokalgruppen in der Schweiz: klick auf die interaktive Map, erkunde deine Region und nimm Kontakt zu anderen Graswurzlern auf!","breadcrumb":{"@id":"https:\/\/graswurzle.ch\/lokalgruppen\/#breadcrumb"},"inLanguage":"fr-FR","potentialAction":[{"@type":"ReadAction","target":["https:\/\/graswurzle.ch\/lokalgruppen\/"]}]},{"@type":"BreadcrumbList","@id":"https:\/\/graswurzle.ch\/lokalgruppen\/#breadcrumb","itemListElement":[{"@type":"ListItem","position":1,"name":"Home","item":"https:\/\/graswurzle.ch\/"},{"@type":"ListItem","position":2,"name":"Lokalgruppen"}]},{"@type":"WebSite","@id":"https:\/\/graswurzle.ch\/#website","url":"https:\/\/graswurzle.ch\/","name":"Graswurzle","description":"Begegnung -Beziehung -Boden f\u00fcr Neues!","publisher":{"@id":"https:\/\/graswurzle.ch\/#organization"},"potentialAction":[{"@type":"SearchAction","target":{"@type":"EntryPoint","urlTemplate":"https:\/\/graswurzle.ch\/?s={search_term_string}"},"query-input":{"@type":"PropertyValueSpecification","valueRequired":true,"valueName":"search_term_string"}}],"inLanguage":"fr-FR"},{"@type":"Organization","@id":"https:\/\/graswurzle.ch\/#organization","name":"Graswurzle","url":"https:\/\/graswurzle.ch\/","logo":{"@type":"ImageObject","inLanguage":"fr-FR","@id":"https:\/\/graswurzle.ch\/#\/schema\/logo\/image\/","url":"https:\/\/graswurzle.ch\/wp-content\/uploads\/2024\/07\/cropped-gw_logo_neue_schrift.png","contentUrl":"https:\/\/graswurzle.ch\/wp-content\/uploads\/2024\/07\/cropped-gw_logo_neue_schrift.png","width":1000,"height":373,"caption":"Graswurzle"},"image":{"@id":"https:\/\/graswurzle.ch\/#\/schema\/logo\/image\/"}}]}},"_links":{"self":[{"href":"https:\/\/graswurzle.ch\/fr\/wp-json\/wp\/v2\/pages\/6639","targetHints":{"allow":["GET"]}}],"collection":[{"href":"https:\/\/graswurzle.ch\/fr\/wp-json\/wp\/v2\/pages"}],"about":[{"href":"https:\/\/graswurzle.ch\/fr\/wp-json\/wp\/v2\/types\/page"}],"author":[{"embeddable":true,"href":"https:\/\/graswurzle.ch\/fr\/wp-json\/wp\/v2\/users\/13"}],"replies":[{"embeddable":true,"href":"https:\/\/graswurzle.ch\/fr\/wp-json\/wp\/v2\/comments?post=6639"}],"version-history":[{"count":366,"href":"https:\/\/graswurzle.ch\/fr\/wp-json\/wp\/v2\/pages\/6639\/revisions"}],"predecessor-version":[{"id":20908,"href":"https:\/\/graswurzle.ch\/fr\/wp-json\/wp\/v2\/pages\/6639\/revisions\/20908"}],"wp:attachment":[{"href":"https:\/\/graswurzle.ch\/fr\/wp-json\/wp\/v2\/media?parent=6639"}],"curies":[{"name":"wp","href":"https:\/\/api.w.org\/{rel}","templated":true}]}}