{"id":15945,"date":"2022-01-04T21:09:36","date_gmt":"2022-01-04T21:09:36","guid":{"rendered":"https:\/\/graswurzle.ch\/?page_id=15945"},"modified":"2023-04-19T20:14:09","modified_gmt":"2023-04-19T19:14:09","slug":"taraxxa","status":"publish","type":"page","link":"https:\/\/graswurzle.ch\/it\/themen\/unsere-themengruppen\/jugend\/taraxxa\/","title":{"rendered":"taraxxa"},"content":{"rendered":"<div data-elementor-type=\"wp-page\" data-elementor-id=\"15945\" class=\"elementor elementor-15945\" data-elementor-post-type=\"page\">\n\t\t\t\t\t\t<section class=\"elementor-section elementor-top-section elementor-element elementor-element-ec22f33 elementor-section-stretched elementor-section-boxed elementor-section-height-default elementor-section-height-default\" data-id=\"ec22f33\" data-element_type=\"section\" data-settings=\"{&quot;stretch_section&quot;:&quot;section-stretched&quot;,&quot;background_background&quot;:&quot;classic&quot;}\">\n\t\t\t\t\t\t<div class=\"elementor-container elementor-column-gap-default\">\n\t\t\t\t\t<div class=\"elementor-column elementor-col-100 elementor-top-column elementor-element elementor-element-398d722\" data-id=\"398d722\" data-element_type=\"column\" data-settings=\"{&quot;background_background&quot;:&quot;classic&quot;}\">\n\t\t\t<div class=\"elementor-widget-wrap elementor-element-populated\">\n\t\t\t\t\t\t<div class=\"elementor-element elementor-element-a4cd3f7 elementor-widget elementor-widget-heading\" data-id=\"a4cd3f7\" data-element_type=\"widget\" data-widget_type=\"heading.default\">\n\t\t\t\t<div class=\"elementor-widget-container\">\n\t\t\t<h1 class=\"elementor-heading-title elementor-size-default\">Taraxxa<\/h1>\t\t<\/div>\n\t\t\t\t<\/div>\n\t\t\t\t<section class=\"elementor-section elementor-inner-section elementor-element elementor-element-f3cf64e elementor-section-boxed elementor-section-height-default elementor-section-height-default\" data-id=\"f3cf64e\" data-element_type=\"section\">\n\t\t\t\t\t\t<div class=\"elementor-container elementor-column-gap-default\">\n\t\t\t\t\t<div class=\"elementor-column elementor-col-50 elementor-inner-column elementor-element elementor-element-9e48dbb\" data-id=\"9e48dbb\" data-element_type=\"column\">\n\t\t\t<div class=\"elementor-widget-wrap elementor-element-populated\">\n\t\t\t\t\t\t<div class=\"elementor-element elementor-element-ff20785 elementor-widget elementor-widget-heading\" data-id=\"ff20785\" data-element_type=\"widget\" data-widget_type=\"heading.default\">\n\t\t\t\t<div class=\"elementor-widget-container\">\n\t\t\t<h3 class=\"elementor-heading-title elementor-size-default\">Herzlich willkommen bei Taraxxa!<\/h3>\t\t<\/div>\n\t\t\t\t<\/div>\n\t\t\t\t<div class=\"elementor-element elementor-element-7de1e84 elementor-widget elementor-widget-text-editor\" data-id=\"7de1e84\" data-element_type=\"widget\" data-widget_type=\"text-editor.default\">\n\t\t\t\t<div class=\"elementor-widget-container\">\n\t\t\t\t\t\t\t<p>Wir sind eine Gruppe von Jugendlichen und jungen Erwachsenen, die an eine bessere Zukunft in einer besseren Umgebung glauben und diese erschaffen wollen. Wir wollen uns nicht beklagen &#8211; Wir wollen etwas ver\u00e4ndern!<\/p><p>\u00abTaraxacum\u00bb ist der lateinische Name des L\u00f6wenzahns. Der L\u00f6wenzahn kann den ihn erdr\u00fcckenden Asphalt durchbrechen und zu den unm\u00f6glichsten Gegebenheiten einen Weg finden zu bl\u00fchen. Dies entspricht in seiner Symbolik genau unserer Philosophie.<\/p><p>Taraxxa steht f\u00fcr Freiheit und Wohlbefinden &#8211; zwei Bed\u00fcrfnisse, die uns in unserer aktuellen Gesellschaft fehlen. Wir unterst\u00fctzen dich dabei, neue Leidenschaften zu entdecken und Freundschaften zu bilden. Gemeinsam unternehmen wir unterschiedlichste Aktivit\u00e4ten, lernen Neues und kreieren ein Umfeld ganz nach unseren W\u00fcnschen &#8211; unabh\u00e4ngig vom Zertifikat. Bei uns findest du Spass und R\u00fcckhalt, Philosophie und Bedenkenlosigkeit. F\u00fcr jeden ist etwas dabei \u2013 auch f\u00fcr dich!&#8220;<\/p><p><strong>Kontaktinfos<\/strong><br \/>Taraxxa-Team<br \/><a class=\"\" href=\"mailto:taraxxa@graswurzle.ch\">taraxxa@graswurzle.ch<\/a><\/p><p><a href=\"http:\/\/www.taraxxa.ch\">http:\/\/www.taraxxa.ch<\/a><\/p>\t\t\t\t\t\t<\/div>\n\t\t\t\t<\/div>\n\t\t\t\t\t<\/div>\n\t\t<\/div>\n\t\t\t\t<div class=\"elementor-column elementor-col-50 elementor-inner-column elementor-element elementor-element-4add832\" data-id=\"4add832\" data-element_type=\"column\">\n\t\t\t<div class=\"elementor-widget-wrap elementor-element-populated\">\n\t\t\t\t\t\t<div class=\"elementor-element elementor-element-3475190 elementor-widget elementor-widget-image\" data-id=\"3475190\" data-element_type=\"widget\" data-widget_type=\"image.default\">\n\t\t\t\t<div class=\"elementor-widget-container\">\n\t\t\t\t\t\t\t\t\t\t\t\t\t<img fetchpriority=\"high\" decoding=\"async\" width=\"480\" height=\"480\" src=\"https:\/\/graswurzle.ch\/wp-content\/uploads\/2022\/01\/Logo.png\" class=\"attachment-large size-large wp-image-13577\" alt=\"Graswurzle Taraxxa Jugendgruppe\" srcset=\"https:\/\/graswurzle.ch\/wp-content\/uploads\/2022\/01\/Logo.png 480w, https:\/\/graswurzle.ch\/wp-content\/uploads\/2022\/01\/Logo-300x300.png 300w, https:\/\/graswurzle.ch\/wp-content\/uploads\/2022\/01\/Logo-150x150.png 150w, https:\/\/graswurzle.ch\/wp-content\/uploads\/2022\/01\/Logo-100x100.png 100w, https:\/\/graswurzle.ch\/wp-content\/uploads\/2022\/01\/Logo-200x200.png 200w, https:\/\/graswurzle.ch\/wp-content\/uploads\/2022\/01\/Logo-450x450.png 450w\" sizes=\"(max-width: 480px) 100vw, 480px\" \/>\t\t\t\t\t\t\t\t\t\t\t\t\t<\/div>\n\t\t\t\t<\/div>\n\t\t\t\t\t<\/div>\n\t\t<\/div>\n\t\t\t\t\t<\/div>\n\t\t<\/section>\n\t\t\t\t\t<\/div>\n\t\t<\/div>\n\t\t\t\t\t<\/div>\n\t\t<\/section>\n\t\t\t\t<\/div>","protected":false},"excerpt":{"rendered":"<p>Taraxxa Herzlich willkommen bei Taraxxa! Wir sind eine Gruppe von Jugendlichen und jungen Erwachsenen, die an eine bessere Zukunft in einer besseren Umgebung glauben und diese erschaffen wollen. Wir wollen uns nicht beklagen &#8211; Wir wollen etwas ver\u00e4ndern! \u00abTaraxacum\u00bb ist &hellip;<\/p>\n<p class=\"read-more\"> <a class=\"more-link\" href=\"https:\/\/graswurzle.ch\/it\/themen\/unsere-themengruppen\/jugend\/taraxxa\/\"> <span class=\"screen-reader-text\">taraxxa<\/span> Leggi tutto &raquo;<\/a><\/p>","protected":false},"author":13,"featured_media":0,"parent":13575,"menu_order":0,"comment_status":"closed","ping_status":"closed","template":"elementor_header_footer","meta":{"footnotes":""},"class_list":["post-15945","page","type-page","status-publish","hentry"],"acf":[],"yoast_head":"<!-- This site is optimized with the Yoast SEO plugin v24.9 - https:\/\/yoast.com\/wordpress\/plugins\/seo\/ -->\n<title>Graswurzle Taraxxa Jugendliche und junge Erwachsene<\/title>\n<meta name=\"description\" content=\"Taraxxa steht f\u00fcr Freiheit und Wohlbefinden, Wir unterst\u00fctzen dich dabei, neue Leidenschaften zu entdecken und Freundschaften zu bilden.\" \/>\n<meta name=\"robots\" content=\"index, follow, max-snippet:-1, max-image-preview:large, max-video-preview:-1\" \/>\n<link rel=\"canonical\" href=\"https:\/\/graswurzle.ch\/it\/themen\/unsere-themengruppen\/jugend\/taraxxa\/\" \/>\n<meta property=\"og:locale\" content=\"it_IT\" \/>\n<meta property=\"og:type\" content=\"article\" \/>\n<meta property=\"og:title\" content=\"Graswurzle Taraxxa Jugendliche und junge Erwachsene\" \/>\n<meta property=\"og:description\" content=\"Taraxxa steht f\u00fcr Freiheit und Wohlbefinden, Wir unterst\u00fctzen dich dabei, neue Leidenschaften zu entdecken und Freundschaften zu bilden.\" \/>\n<meta property=\"og:url\" content=\"https:\/\/graswurzle.ch\/it\/themen\/unsere-themengruppen\/jugend\/taraxxa\/\" \/>\n<meta property=\"og:site_name\" content=\"Graswurzle\" \/>\n<meta property=\"article:modified_time\" content=\"2023-04-19T19:14:09+00:00\" \/>\n<meta property=\"og:image\" content=\"https:\/\/graswurzle.ch\/wp-content\/uploads\/2022\/01\/Logo.png\" \/>\n\t<meta property=\"og:image:width\" content=\"480\" \/>\n\t<meta property=\"og:image:height\" content=\"480\" \/>\n\t<meta property=\"og:image:type\" content=\"image\/png\" \/>\n<meta name=\"twitter:card\" content=\"summary_large_image\" \/>\n<meta name=\"twitter:title\" content=\"Graswurzle Taraxxa Jugendliche und junge Erwachsene\" \/>\n<meta name=\"twitter:description\" content=\"Taraxxa steht f\u00fcr Freiheit und Wohlbefinden, Wir unterst\u00fctzen dich dabei, neue Leidenschaften zu entdecken und Freundschaften zu bilden.\" \/>\n<meta name=\"twitter:image\" content=\"https:\/\/graswurzle.ch\/wp-content\/uploads\/2022\/01\/Logo.png\" \/>\n<meta name=\"twitter:label1\" content=\"Tempo di lettura stimato\" \/>\n\t<meta name=\"twitter:data1\" content=\"1 minuto\" \/>\n<script type=\"application\/ld+json\" class=\"yoast-schema-graph\">{\"@context\":\"https:\/\/schema.org\",\"@graph\":[{\"@type\":\"WebPage\",\"@id\":\"https:\/\/graswurzle.ch\/themen\/unsere-themengruppen\/jugend\/taraxxa\/\",\"url\":\"https:\/\/graswurzle.ch\/themen\/unsere-themengruppen\/jugend\/taraxxa\/\",\"name\":\"Graswurzle Taraxxa Jugendliche und junge Erwachsene\",\"isPartOf\":{\"@id\":\"https:\/\/graswurzle.ch\/#website\"},\"primaryImageOfPage\":{\"@id\":\"https:\/\/graswurzle.ch\/themen\/unsere-themengruppen\/jugend\/taraxxa\/#primaryimage\"},\"image\":{\"@id\":\"https:\/\/graswurzle.ch\/themen\/unsere-themengruppen\/jugend\/taraxxa\/#primaryimage\"},\"thumbnailUrl\":\"https:\/\/graswurzle.ch\/wp-content\/uploads\/2022\/01\/Logo.png\",\"datePublished\":\"2022-01-04T21:09:36+00:00\",\"dateModified\":\"2023-04-19T19:14:09+00:00\",\"description\":\"Taraxxa steht f\u00fcr Freiheit und Wohlbefinden, Wir unterst\u00fctzen dich dabei, neue Leidenschaften zu entdecken und Freundschaften zu bilden.\",\"breadcrumb\":{\"@id\":\"https:\/\/graswurzle.ch\/themen\/unsere-themengruppen\/jugend\/taraxxa\/#breadcrumb\"},\"inLanguage\":\"it-IT\",\"potentialAction\":[{\"@type\":\"ReadAction\",\"target\":[\"https:\/\/graswurzle.ch\/themen\/unsere-themengruppen\/jugend\/taraxxa\/\"]}]},{\"@type\":\"ImageObject\",\"inLanguage\":\"it-IT\",\"@id\":\"https:\/\/graswurzle.ch\/themen\/unsere-themengruppen\/jugend\/taraxxa\/#primaryimage\",\"url\":\"https:\/\/graswurzle.ch\/wp-content\/uploads\/2022\/01\/Logo.png\",\"contentUrl\":\"https:\/\/graswurzle.ch\/wp-content\/uploads\/2022\/01\/Logo.png\"},{\"@type\":\"BreadcrumbList\",\"@id\":\"https:\/\/graswurzle.ch\/themen\/unsere-themengruppen\/jugend\/taraxxa\/#breadcrumb\",\"itemListElement\":[{\"@type\":\"ListItem\",\"position\":1,\"name\":\"Home\",\"item\":\"https:\/\/graswurzle.ch\/\"},{\"@type\":\"ListItem\",\"position\":2,\"name\":\"Themen\",\"item\":\"https:\/\/graswurzle.ch\/themen\/\"},{\"@type\":\"ListItem\",\"position\":3,\"name\":\"Unsere Themengruppen\",\"item\":\"https:\/\/graswurzle.ch\/themen\/unsere-themengruppen\/\"},{\"@type\":\"ListItem\",\"position\":4,\"name\":\"Jugend\",\"item\":\"https:\/\/graswurzle.ch\/themen\/unsere-themengruppen\/jugend\/\"},{\"@type\":\"ListItem\",\"position\":5,\"name\":\"taraxxa\"}]},{\"@type\":\"WebSite\",\"@id\":\"https:\/\/graswurzle.ch\/#website\",\"url\":\"https:\/\/graswurzle.ch\/\",\"name\":\"Graswurzle\",\"description\":\"Begegnung -Beziehung -Boden f\u00fcr Neues!\",\"publisher\":{\"@id\":\"https:\/\/graswurzle.ch\/#organization\"},\"potentialAction\":[{\"@type\":\"SearchAction\",\"target\":{\"@type\":\"EntryPoint\",\"urlTemplate\":\"https:\/\/graswurzle.ch\/?s={search_term_string}\"},\"query-input\":{\"@type\":\"PropertyValueSpecification\",\"valueRequired\":true,\"valueName\":\"search_term_string\"}}],\"inLanguage\":\"it-IT\"},{\"@type\":\"Organization\",\"@id\":\"https:\/\/graswurzle.ch\/#organization\",\"name\":\"Graswurzle\",\"url\":\"https:\/\/graswurzle.ch\/\",\"logo\":{\"@type\":\"ImageObject\",\"inLanguage\":\"it-IT\",\"@id\":\"https:\/\/graswurzle.ch\/#\/schema\/logo\/image\/\",\"url\":\"https:\/\/graswurzle.ch\/wp-content\/uploads\/2024\/07\/cropped-gw_logo_neue_schrift.png\",\"contentUrl\":\"https:\/\/graswurzle.ch\/wp-content\/uploads\/2024\/07\/cropped-gw_logo_neue_schrift.png\",\"width\":1000,\"height\":373,\"caption\":\"Graswurzle\"},\"image\":{\"@id\":\"https:\/\/graswurzle.ch\/#\/schema\/logo\/image\/\"}}]}<\/script>\n<!-- \/ Yoast SEO plugin. -->","yoast_head_json":{"title":"Graswurzle Taraxxa Jugendliche und junge Erwachsene","description":"Taraxxa steht f\u00fcr Freiheit und Wohlbefinden, Wir unterst\u00fctzen dich dabei, neue Leidenschaften zu entdecken und Freundschaften zu bilden.","robots":{"index":"index","follow":"follow","max-snippet":"max-snippet:-1","max-image-preview":"max-image-preview:large","max-video-preview":"max-video-preview:-1"},"canonical":"https:\/\/graswurzle.ch\/it\/themen\/unsere-themengruppen\/jugend\/taraxxa\/","og_locale":"it_IT","og_type":"article","og_title":"Graswurzle Taraxxa Jugendliche und junge Erwachsene","og_description":"Taraxxa steht f\u00fcr Freiheit und Wohlbefinden, Wir unterst\u00fctzen dich dabei, neue Leidenschaften zu entdecken und Freundschaften zu bilden.","og_url":"https:\/\/graswurzle.ch\/it\/themen\/unsere-themengruppen\/jugend\/taraxxa\/","og_site_name":"Graswurzle","article_modified_time":"2023-04-19T19:14:09+00:00","og_image":[{"width":480,"height":480,"url":"https:\/\/graswurzle.ch\/wp-content\/uploads\/2022\/01\/Logo.png","type":"image\/png"}],"twitter_card":"summary_large_image","twitter_title":"Graswurzle Taraxxa Jugendliche und junge Erwachsene","twitter_description":"Taraxxa steht f\u00fcr Freiheit und Wohlbefinden, Wir unterst\u00fctzen dich dabei, neue Leidenschaften zu entdecken und Freundschaften zu bilden.","twitter_image":"https:\/\/graswurzle.ch\/wp-content\/uploads\/2022\/01\/Logo.png","twitter_misc":{"Tempo di lettura stimato":"1 minuto"},"schema":{"@context":"https:\/\/schema.org","@graph":[{"@type":"WebPage","@id":"https:\/\/graswurzle.ch\/themen\/unsere-themengruppen\/jugend\/taraxxa\/","url":"https:\/\/graswurzle.ch\/themen\/unsere-themengruppen\/jugend\/taraxxa\/","name":"Graswurzle Taraxxa Jugendliche und junge Erwachsene","isPartOf":{"@id":"https:\/\/graswurzle.ch\/#website"},"primaryImageOfPage":{"@id":"https:\/\/graswurzle.ch\/themen\/unsere-themengruppen\/jugend\/taraxxa\/#primaryimage"},"image":{"@id":"https:\/\/graswurzle.ch\/themen\/unsere-themengruppen\/jugend\/taraxxa\/#primaryimage"},"thumbnailUrl":"https:\/\/graswurzle.ch\/wp-content\/uploads\/2022\/01\/Logo.png","datePublished":"2022-01-04T21:09:36+00:00","dateModified":"2023-04-19T19:14:09+00:00","description":"Taraxxa steht f\u00fcr Freiheit und Wohlbefinden, Wir unterst\u00fctzen dich dabei, neue Leidenschaften zu entdecken und Freundschaften zu bilden.","breadcrumb":{"@id":"https:\/\/graswurzle.ch\/themen\/unsere-themengruppen\/jugend\/taraxxa\/#breadcrumb"},"inLanguage":"it-IT","potentialAction":[{"@type":"ReadAction","target":["https:\/\/graswurzle.ch\/themen\/unsere-themengruppen\/jugend\/taraxxa\/"]}]},{"@type":"ImageObject","inLanguage":"it-IT","@id":"https:\/\/graswurzle.ch\/themen\/unsere-themengruppen\/jugend\/taraxxa\/#primaryimage","url":"https:\/\/graswurzle.ch\/wp-content\/uploads\/2022\/01\/Logo.png","contentUrl":"https:\/\/graswurzle.ch\/wp-content\/uploads\/2022\/01\/Logo.png"},{"@type":"BreadcrumbList","@id":"https:\/\/graswurzle.ch\/themen\/unsere-themengruppen\/jugend\/taraxxa\/#breadcrumb","itemListElement":[{"@type":"ListItem","position":1,"name":"Home","item":"https:\/\/graswurzle.ch\/"},{"@type":"ListItem","position":2,"name":"Themen","item":"https:\/\/graswurzle.ch\/themen\/"},{"@type":"ListItem","position":3,"name":"Unsere Themengruppen","item":"https:\/\/graswurzle.ch\/themen\/unsere-themengruppen\/"},{"@type":"ListItem","position":4,"name":"Jugend","item":"https:\/\/graswurzle.ch\/themen\/unsere-themengruppen\/jugend\/"},{"@type":"ListItem","position":5,"name":"taraxxa"}]},{"@type":"WebSite","@id":"https:\/\/graswurzle.ch\/#website","url":"https:\/\/graswurzle.ch\/","name":"Graswurzle","description":"Begegnung -Beziehung -Boden f\u00fcr Neues!","publisher":{"@id":"https:\/\/graswurzle.ch\/#organization"},"potentialAction":[{"@type":"SearchAction","target":{"@type":"EntryPoint","urlTemplate":"https:\/\/graswurzle.ch\/?s={search_term_string}"},"query-input":{"@type":"PropertyValueSpecification","valueRequired":true,"valueName":"search_term_string"}}],"inLanguage":"it-IT"},{"@type":"Organization","@id":"https:\/\/graswurzle.ch\/#organization","name":"Graswurzle","url":"https:\/\/graswurzle.ch\/","logo":{"@type":"ImageObject","inLanguage":"it-IT","@id":"https:\/\/graswurzle.ch\/#\/schema\/logo\/image\/","url":"https:\/\/graswurzle.ch\/wp-content\/uploads\/2024\/07\/cropped-gw_logo_neue_schrift.png","contentUrl":"https:\/\/graswurzle.ch\/wp-content\/uploads\/2024\/07\/cropped-gw_logo_neue_schrift.png","width":1000,"height":373,"caption":"Graswurzle"},"image":{"@id":"https:\/\/graswurzle.ch\/#\/schema\/logo\/image\/"}}]}},"_links":{"self":[{"href":"https:\/\/graswurzle.ch\/it\/wp-json\/wp\/v2\/pages\/15945","targetHints":{"allow":["GET"]}}],"collection":[{"href":"https:\/\/graswurzle.ch\/it\/wp-json\/wp\/v2\/pages"}],"about":[{"href":"https:\/\/graswurzle.ch\/it\/wp-json\/wp\/v2\/types\/page"}],"author":[{"embeddable":true,"href":"https:\/\/graswurzle.ch\/it\/wp-json\/wp\/v2\/users\/13"}],"replies":[{"embeddable":true,"href":"https:\/\/graswurzle.ch\/it\/wp-json\/wp\/v2\/comments?post=15945"}],"version-history":[{"count":8,"href":"https:\/\/graswurzle.ch\/it\/wp-json\/wp\/v2\/pages\/15945\/revisions"}],"predecessor-version":[{"id":17581,"href":"https:\/\/graswurzle.ch\/it\/wp-json\/wp\/v2\/pages\/15945\/revisions\/17581"}],"up":[{"embeddable":true,"href":"https:\/\/graswurzle.ch\/it\/wp-json\/wp\/v2\/pages\/13575"}],"wp:attachment":[{"href":"https:\/\/graswurzle.ch\/it\/wp-json\/wp\/v2\/media?parent=15945"}],"curies":[{"name":"wp","href":"https:\/\/api.w.org\/{rel}","templated":true}]}}