{"id":18669,"date":"2023-03-14T12:00:00","date_gmt":"2023-03-14T11:00:00","guid":{"rendered":"https:\/\/graswurzle.ch\/?page_id=18669"},"modified":"2025-06-18T11:15:41","modified_gmt":"2025-06-18T09:15:41","slug":"mitgliedervorteile","status":"publish","type":"page","link":"https:\/\/graswurzle.ch\/it\/verein\/mitgliedervorteile\/","title":{"rendered":"Mitgliedervorteile"},"content":{"rendered":"<div data-elementor-type=\"wp-page\" data-elementor-id=\"18669\" class=\"elementor elementor-18669\" data-elementor-post-type=\"page\">\n\t\t\t\t\t\t<section class=\"elementor-section elementor-top-section elementor-element elementor-element-839f04f elementor-section-stretched elementor-section-boxed elementor-section-height-default elementor-section-height-default\" data-id=\"839f04f\" data-element_type=\"section\" data-settings=\"{&quot;stretch_section&quot;:&quot;section-stretched&quot;,&quot;background_background&quot;:&quot;classic&quot;}\">\n\t\t\t\t\t\t<div class=\"elementor-container elementor-column-gap-default\">\n\t\t\t\t\t<div class=\"elementor-column elementor-col-100 elementor-top-column elementor-element elementor-element-6a10c90\" data-id=\"6a10c90\" data-element_type=\"column\" data-settings=\"{&quot;background_background&quot;:&quot;classic&quot;}\">\n\t\t\t<div class=\"elementor-widget-wrap elementor-element-populated\">\n\t\t\t\t\t\t<div class=\"elementor-element elementor-element-d65b787 elementor-widget elementor-widget-heading\" data-id=\"d65b787\" data-element_type=\"widget\" data-widget_type=\"heading.default\">\n\t\t\t\t<div class=\"elementor-widget-container\">\n\t\t\t<h1 class=\"elementor-heading-title elementor-size-default\">Mitgliedervorteile<\/h1>\t\t<\/div>\n\t\t\t\t<\/div>\n\t\t\t\t<section class=\"elementor-section elementor-inner-section elementor-element elementor-element-dc19a1f elementor-section-full_width elementor-section-height-default elementor-section-height-default\" data-id=\"dc19a1f\" data-element_type=\"section\">\n\t\t\t\t\t\t<div class=\"elementor-container elementor-column-gap-no\">\n\t\t\t\t\t<div class=\"elementor-column elementor-col-50 elementor-inner-column elementor-element elementor-element-3dd011a\" data-id=\"3dd011a\" data-element_type=\"column\">\n\t\t\t<div class=\"elementor-widget-wrap elementor-element-populated\">\n\t\t\t\t\t\t<div class=\"elementor-element elementor-element-e4a206c elementor-widget elementor-widget-heading\" data-id=\"e4a206c\" data-element_type=\"widget\" data-widget_type=\"heading.default\">\n\t\t\t\t<div class=\"elementor-widget-container\">\n\t\t\t<h2 class=\"elementor-heading-title elementor-size-default\">Essere l\u00ec paga!<\/h2>\t\t<\/div>\n\t\t\t\t<\/div>\n\t\t\t\t<div class=\"elementor-element elementor-element-bc9f4c5 elementor-widget elementor-widget-text-editor\" data-id=\"bc9f4c5\" data-element_type=\"widget\" data-widget_type=\"text-editor.default\">\n\t\t\t\t<div class=\"elementor-widget-container\">\n\t\t\t\t\t\t\t<p>Con una quota associativa annuale a partire da CHF 50*, potrete beneficiare di innumerevoli vantaggi:<\/p><ul><li>Posta Graswurzle: Lettere e schede di rete<\/li><li>Supporto alla rete<\/li><li><a href=\"#radigs\"><strong>accesso esclusivo al nostro nuovo mercato alternativo online RADIGS in tutta la Svizzera<\/strong><\/a><\/li><li>g\u00fcnstiger bzw. <strong>Ingresso ridotto o scontato<\/strong> ai congressi interni dell'associazione, agli eventi o alla nostra grande festa estiva annuale<\/li><li>10% di sconto sull'abbonamento alla <a href=\"https:\/\/diefreien.ch\/\"><strong>rivista DIE FREIEN<\/strong><\/a><\/li><\/ul><p>Ecco come funziona:<\/p>\t\t\t\t\t\t<\/div>\n\t\t\t\t<\/div>\n\t\t\t\t<div class=\"elementor-element elementor-element-3b10e93 elementor-widget elementor-widget-heading\" data-id=\"3b10e93\" data-element_type=\"widget\" data-widget_type=\"heading.default\">\n\t\t\t\t<div class=\"elementor-widget-container\">\n\t\t\t<h2 class=\"elementor-heading-title elementor-size-default\">Collegamento in rete<\/h2>\t\t<\/div>\n\t\t\t\t<\/div>\n\t\t\t\t<div class=\"elementor-element elementor-element-70f22f3 elementor-widget elementor-widget-text-editor\" data-id=\"70f22f3\" data-element_type=\"widget\" data-widget_type=\"text-editor.default\">\n\t\t\t\t<div class=\"elementor-widget-container\">\n\t\t\t\t\t\t\t<p><strong>Graswurzle \u00e8 il terreno fertile per le nuove idee!<\/strong><\/p><p>Nella rete nazionale di Graswurzle si incontrano persone con cui \u00e8 possibile realizzare le proprie idee in tutti i settori della vita.<\/p><p>Potete unirvi ai <a href=\"https:\/\/graswurzle.ch\/it\/lokalgruppen\/\"><strong>gruppi locali della vostra regione<\/strong><\/a> e partecipare a uno dei nostri <a href=\"https:\/\/graswurzle.ch\/it\/themen\/gruppen\/\"><strong>Gruppi tematici<\/strong><\/a> , come <strong>Bildung, Technik &amp; Energie, Gesundheit, Jugend- und Kinderbewegung Grash\u00fcpfer<\/strong>.<\/p><p>In qualit\u00e0 di membri, avrete anche accesso a <a href=\"https:\/\/graswurzle.loxonet.com\/board\"><strong>GraswurzleNETz<\/strong><\/a>. Ma non \u00e8 tutto, perch\u00e9 presto avremo un nuovo mercato.<\/p>\t\t\t\t\t\t<\/div>\n\t\t\t\t<\/div>\n\t\t\t\t<div class=\"elementor-element elementor-element-28b27c4 elementor-widget elementor-widget-heading\" data-id=\"28b27c4\" data-element_type=\"widget\" id=\"radigs\" data-widget_type=\"heading.default\">\n\t\t\t\t<div class=\"elementor-widget-container\">\n\t\t\t<h2 class=\"elementor-heading-title elementor-size-default\">Accesso esclusivo a RADIGS<\/h2>\t\t<\/div>\n\t\t\t\t<\/div>\n\t\t\t\t<div class=\"elementor-element elementor-element-0f610d9 elementor-widget elementor-widget-text-editor\" data-id=\"0f610d9\" data-element_type=\"widget\" data-widget_type=\"text-editor.default\">\n\t\t\t\t<div class=\"elementor-widget-container\">\n\t\t\t\t\t\t\t<p>Seit Ende M\u00e4rz ist er live: <strong><a href=\"https:\/\/radigs.ch\/\">RADIGS<\/a>, unser neuer, schweizweiter alternativer Online-Marktplatz\u200b<\/strong>. E come membri di Graswurzle, potrete accedervi gratuitamente!<\/p><p>Su RADIGS potete trovare <strong>offerte ed eventi interessanti in tutti i settori della vita<\/strong> e pubblicare i vostri annunci. Se cercate un appartamento, offrite un workshop o semplicemente volete scambiare idee con persone che la pensano come voi, qui troverete sicuramente quello che cercate.<\/p>\t\t\t\t\t\t<\/div>\n\t\t\t\t<\/div>\n\t\t\t\t<div class=\"elementor-element elementor-element-21fa587 content-align-cta-default elementor-widget elementor-widget-eael-cta-box\" data-id=\"21fa587\" data-element_type=\"widget\" data-widget_type=\"eael-cta-box.default\">\n\t\t\t\t<div class=\"elementor-widget-container\">\n\t\t\t\t\t<div class=\"eael-call-to-action cta-basic bg-lite cta-preset-1\">\n        <h2 class=\"title\">Come diventare membro<\/h2><p>\u00c8 sufficiente scaricare il <a href=\"https:\/\/graswurzle.ch\/wp-content\/uploads\/2025\/06\/Mitgliedschaftsantrag.pdf\"><strong>modulo di adesione<\/strong><\/a> , compilarlo <strong>in modo chiaro e leggibile<\/strong> e inviarlo al nostro ufficio (indirizzo nel modulo).<\/p><p>*Offriamo i seguenti tipi di tesseramento:<\/p><p>Iscrizione individuale: CHF 50 all'anno<br \/>Societ\u00e0: CHF 200 all'anno<br \/>Associazione: CHF 200 all'anno<\/p><a href=\"https:\/\/graswurzle.ch\/wp-content\/uploads\/2025\/06\/Mitgliedschaftsantrag.pdf\" class=\"cta-button\">S\u00ec, voglio<\/a>\t<\/div>\n\t\t\t\t\t\t<\/div>\n\t\t\t\t<\/div>\n\t\t\t\t\t<\/div>\n\t\t<\/div>\n\t\t\t\t<div class=\"elementor-column elementor-col-50 elementor-inner-column elementor-element elementor-element-8a0845e\" data-id=\"8a0845e\" data-element_type=\"column\">\n\t\t\t<div class=\"elementor-widget-wrap elementor-element-populated\">\n\t\t\t\t\t\t<div class=\"elementor-element elementor-element-3b41af5 elementor-widget elementor-widget-image\" data-id=\"3b41af5\" data-element_type=\"widget\" data-widget_type=\"image.default\">\n\t\t\t\t<div class=\"elementor-widget-container\">\n\t\t\t\t\t\t\t\t\t\t\t\t\t<img fetchpriority=\"high\" decoding=\"async\" width=\"605\" height=\"310\" src=\"https:\/\/graswurzle.ch\/wp-content\/uploads\/2023\/03\/graswurzle-sommerfest-2022-1.jpg\" class=\"attachment-large size-large wp-image-18664\" alt=\"Graswurzle Sommerfest\" srcset=\"https:\/\/graswurzle.ch\/wp-content\/uploads\/2023\/03\/graswurzle-sommerfest-2022-1.jpg 1000w, https:\/\/graswurzle.ch\/wp-content\/uploads\/2023\/03\/graswurzle-sommerfest-2022-1-300x154.jpg 300w, https:\/\/graswurzle.ch\/wp-content\/uploads\/2023\/03\/graswurzle-sommerfest-2022-1-768x394.jpg 768w, https:\/\/graswurzle.ch\/wp-content\/uploads\/2023\/03\/graswurzle-sommerfest-2022-1-18x9.jpg 18w, https:\/\/graswurzle.ch\/wp-content\/uploads\/2023\/03\/graswurzle-sommerfest-2022-1-100x51.jpg 100w, https:\/\/graswurzle.ch\/wp-content\/uploads\/2023\/03\/graswurzle-sommerfest-2022-1-150x77.jpg 150w, https:\/\/graswurzle.ch\/wp-content\/uploads\/2023\/03\/graswurzle-sommerfest-2022-1-200x103.jpg 200w, https:\/\/graswurzle.ch\/wp-content\/uploads\/2023\/03\/graswurzle-sommerfest-2022-1-450x231.jpg 450w, https:\/\/graswurzle.ch\/wp-content\/uploads\/2023\/03\/graswurzle-sommerfest-2022-1-600x308.jpg 600w, https:\/\/graswurzle.ch\/wp-content\/uploads\/2023\/03\/graswurzle-sommerfest-2022-1-900x462.jpg 900w\" sizes=\"(max-width: 605px) 100vw, 605px\" \/>\t\t\t\t\t\t\t\t\t\t\t\t\t<\/div>\n\t\t\t\t<\/div>\n\t\t\t\t<div class=\"elementor-element elementor-element-9778c55 elementor-widget elementor-widget-image\" data-id=\"9778c55\" data-element_type=\"widget\" data-widget_type=\"image.default\">\n\t\t\t\t<div class=\"elementor-widget-container\">\n\t\t\t\t\t\t\t\t\t\t\t\t\t<img decoding=\"async\" width=\"605\" height=\"340\" src=\"https:\/\/graswurzle.ch\/wp-content\/uploads\/2023\/03\/graswurzle-sommerfest-2022-2.jpg\" class=\"attachment-large size-large wp-image-18666\" alt=\"Graswurzle Sommerfest 2022\" srcset=\"https:\/\/graswurzle.ch\/wp-content\/uploads\/2023\/03\/graswurzle-sommerfest-2022-2.jpg 1000w, https:\/\/graswurzle.ch\/wp-content\/uploads\/2023\/03\/graswurzle-sommerfest-2022-2-300x169.jpg 300w, https:\/\/graswurzle.ch\/wp-content\/uploads\/2023\/03\/graswurzle-sommerfest-2022-2-768x432.jpg 768w, https:\/\/graswurzle.ch\/wp-content\/uploads\/2023\/03\/graswurzle-sommerfest-2022-2-18x10.jpg 18w, https:\/\/graswurzle.ch\/wp-content\/uploads\/2023\/03\/graswurzle-sommerfest-2022-2-100x56.jpg 100w, https:\/\/graswurzle.ch\/wp-content\/uploads\/2023\/03\/graswurzle-sommerfest-2022-2-150x84.jpg 150w, https:\/\/graswurzle.ch\/wp-content\/uploads\/2023\/03\/graswurzle-sommerfest-2022-2-200x112.jpg 200w, https:\/\/graswurzle.ch\/wp-content\/uploads\/2023\/03\/graswurzle-sommerfest-2022-2-450x253.jpg 450w, https:\/\/graswurzle.ch\/wp-content\/uploads\/2023\/03\/graswurzle-sommerfest-2022-2-600x337.jpg 600w, https:\/\/graswurzle.ch\/wp-content\/uploads\/2023\/03\/graswurzle-sommerfest-2022-2-900x506.jpg 900w\" sizes=\"(max-width: 605px) 100vw, 605px\" \/>\t\t\t\t\t\t\t\t\t\t\t\t\t<\/div>\n\t\t\t\t<\/div>\n\t\t\t\t<div class=\"elementor-element elementor-element-9ca5177 elementor-widget elementor-widget-image\" data-id=\"9ca5177\" data-element_type=\"widget\" data-widget_type=\"image.default\">\n\t\t\t\t<div class=\"elementor-widget-container\">\n\t\t\t\t\t\t\t\t\t\t\t\t\t<img decoding=\"async\" width=\"605\" height=\"316\" src=\"https:\/\/graswurzle.ch\/wp-content\/uploads\/2023\/03\/graswurzle-sommerfest-2022-3.jpg\" class=\"attachment-large size-large wp-image-18667\" alt=\"Graswurzle Sommerfest 2022\" srcset=\"https:\/\/graswurzle.ch\/wp-content\/uploads\/2023\/03\/graswurzle-sommerfest-2022-3.jpg 1000w, https:\/\/graswurzle.ch\/wp-content\/uploads\/2023\/03\/graswurzle-sommerfest-2022-3-300x157.jpg 300w, https:\/\/graswurzle.ch\/wp-content\/uploads\/2023\/03\/graswurzle-sommerfest-2022-3-768x402.jpg 768w, https:\/\/graswurzle.ch\/wp-content\/uploads\/2023\/03\/graswurzle-sommerfest-2022-3-18x9.jpg 18w, https:\/\/graswurzle.ch\/wp-content\/uploads\/2023\/03\/graswurzle-sommerfest-2022-3-100x52.jpg 100w, https:\/\/graswurzle.ch\/wp-content\/uploads\/2023\/03\/graswurzle-sommerfest-2022-3-150x78.jpg 150w, https:\/\/graswurzle.ch\/wp-content\/uploads\/2023\/03\/graswurzle-sommerfest-2022-3-200x105.jpg 200w, https:\/\/graswurzle.ch\/wp-content\/uploads\/2023\/03\/graswurzle-sommerfest-2022-3-450x235.jpg 450w, https:\/\/graswurzle.ch\/wp-content\/uploads\/2023\/03\/graswurzle-sommerfest-2022-3-600x314.jpg 600w, https:\/\/graswurzle.ch\/wp-content\/uploads\/2023\/03\/graswurzle-sommerfest-2022-3-900x471.jpg 900w\" sizes=\"(max-width: 605px) 100vw, 605px\" \/>\t\t\t\t\t\t\t\t\t\t\t\t\t<\/div>\n\t\t\t\t<\/div>\n\t\t\t\t<div class=\"elementor-element elementor-element-028cb62 elementor-widget elementor-widget-image\" data-id=\"028cb62\" data-element_type=\"widget\" data-widget_type=\"image.default\">\n\t\t\t\t<div class=\"elementor-widget-container\">\n\t\t\t\t\t\t\t\t\t\t\t\t\t<img loading=\"lazy\" decoding=\"async\" width=\"605\" height=\"342\" src=\"https:\/\/graswurzle.ch\/wp-content\/uploads\/2023\/03\/graswurzle-sommerfest-2022-4.jpg\" class=\"attachment-large size-large wp-image-18665\" alt=\"Graswurzle Sommerfest\" srcset=\"https:\/\/graswurzle.ch\/wp-content\/uploads\/2023\/03\/graswurzle-sommerfest-2022-4.jpg 1000w, https:\/\/graswurzle.ch\/wp-content\/uploads\/2023\/03\/graswurzle-sommerfest-2022-4-300x170.jpg 300w, https:\/\/graswurzle.ch\/wp-content\/uploads\/2023\/03\/graswurzle-sommerfest-2022-4-768x435.jpg 768w, https:\/\/graswurzle.ch\/wp-content\/uploads\/2023\/03\/graswurzle-sommerfest-2022-4-18x10.jpg 18w, https:\/\/graswurzle.ch\/wp-content\/uploads\/2023\/03\/graswurzle-sommerfest-2022-4-100x57.jpg 100w, https:\/\/graswurzle.ch\/wp-content\/uploads\/2023\/03\/graswurzle-sommerfest-2022-4-150x85.jpg 150w, https:\/\/graswurzle.ch\/wp-content\/uploads\/2023\/03\/graswurzle-sommerfest-2022-4-200x113.jpg 200w, https:\/\/graswurzle.ch\/wp-content\/uploads\/2023\/03\/graswurzle-sommerfest-2022-4-450x255.jpg 450w, https:\/\/graswurzle.ch\/wp-content\/uploads\/2023\/03\/graswurzle-sommerfest-2022-4-600x340.jpg 600w, https:\/\/graswurzle.ch\/wp-content\/uploads\/2023\/03\/graswurzle-sommerfest-2022-4-900x509.jpg 900w\" sizes=\"(max-width: 605px) 100vw, 605px\" \/>\t\t\t\t\t\t\t\t\t\t\t\t\t<\/div>\n\t\t\t\t<\/div>\n\t\t\t\t\t<\/div>\n\t\t<\/div>\n\t\t\t\t\t<\/div>\n\t\t<\/section>\n\t\t\t\t\t<\/div>\n\t\t<\/div>\n\t\t\t\t\t<\/div>\n\t\t<\/section>\n\t\t\t\t<\/div>","protected":false},"excerpt":{"rendered":"<p>Mitgliedervorteile Dabei sein lohnt sich! F\u00fcr einen Jahresbeitrag ab CHF 50.\u2013* profitierst du von unz\u00e4hligen Vorteilen: Graswurzlepost: Brief und Vernetzungskarten Unterst\u00fctzung in der Vernetzung exklusiver Zugang zu unserem neuen, schweizweiten alternativen Online-Marktplatz RADIGS g\u00fcnstiger bzw. verg\u00fcnstigter Eintritt an vereinsinterne Kongresse, &hellip;<\/p>\n<p class=\"read-more\"> <a class=\"more-link\" href=\"https:\/\/graswurzle.ch\/it\/verein\/mitgliedervorteile\/\"> <span class=\"screen-reader-text\">Mitgliedervorteile<\/span> Leggi tutto &raquo;<\/a><\/p>","protected":false},"author":12,"featured_media":0,"parent":6577,"menu_order":1,"comment_status":"closed","ping_status":"closed","template":"elementor_header_footer","meta":{"footnotes":""},"class_list":["post-18669","page","type-page","status-publish","hentry"],"acf":[],"yoast_head":"<!-- This site is optimized with the Yoast SEO plugin v24.9 - https:\/\/yoast.com\/wordpress\/plugins\/seo\/ -->\n<title>Graswurzle Mitgliedervorteile: dabei sein lohnt sich!<\/title>\n<meta name=\"description\" content=\"F\u00fcr einen Jahresbeitrag ab CHF 50.\u2013 profitierst du von unz\u00e4hligen Vorteilen. Graswurzle ist der N\u00e4hrboden f\u00fcr neue Ideen!\" \/>\n<meta name=\"robots\" content=\"index, follow, max-snippet:-1, max-image-preview:large, max-video-preview:-1\" \/>\n<link rel=\"canonical\" href=\"https:\/\/graswurzle.ch\/it\/verein\/mitgliedervorteile\/\" \/>\n<meta property=\"og:locale\" content=\"it_IT\" \/>\n<meta property=\"og:type\" content=\"article\" \/>\n<meta property=\"og:title\" content=\"Graswurzle Mitgliedervorteile: dabei sein lohnt sich!\" \/>\n<meta property=\"og:description\" content=\"F\u00fcr einen Jahresbeitrag ab CHF 50.\u2013 profitierst du von unz\u00e4hligen Vorteilen. Graswurzle ist der N\u00e4hrboden f\u00fcr neue Ideen!\" \/>\n<meta property=\"og:url\" content=\"https:\/\/graswurzle.ch\/it\/verein\/mitgliedervorteile\/\" \/>\n<meta property=\"og:site_name\" content=\"Graswurzle\" \/>\n<meta property=\"article:modified_time\" content=\"2025-06-18T09:15:41+00:00\" \/>\n<meta property=\"og:image\" content=\"https:\/\/graswurzle.ch\/wp-content\/uploads\/2023\/03\/graswurzle-sommerfest-2022-1.jpg\" \/>\n\t<meta property=\"og:image:width\" content=\"1000\" \/>\n\t<meta property=\"og:image:height\" content=\"513\" \/>\n\t<meta property=\"og:image:type\" content=\"image\/jpeg\" \/>\n<meta name=\"twitter:card\" content=\"summary_large_image\" \/>\n<meta name=\"twitter:title\" content=\"Graswurzle Mitgliedervorteile: dabei sein lohnt sich!\" \/>\n<meta name=\"twitter:description\" content=\"F\u00fcr einen Jahresbeitrag ab CHF 50.\u2013 profitierst du von unz\u00e4hligen Vorteilen. Graswurzle ist der N\u00e4hrboden f\u00fcr neue Ideen!\" \/>\n<meta name=\"twitter:image\" content=\"https:\/\/graswurzle.ch\/wp-content\/uploads\/2023\/03\/graswurzle-sommerfest-2022-1.jpg\" \/>\n<meta name=\"twitter:label1\" content=\"Tempo di lettura stimato\" \/>\n\t<meta name=\"twitter:data1\" content=\"3 minuti\" \/>\n<script type=\"application\/ld+json\" class=\"yoast-schema-graph\">{\"@context\":\"https:\/\/schema.org\",\"@graph\":[{\"@type\":\"WebPage\",\"@id\":\"https:\/\/graswurzle.ch\/verein\/mitgliedervorteile\/\",\"url\":\"https:\/\/graswurzle.ch\/verein\/mitgliedervorteile\/\",\"name\":\"Graswurzle Mitgliedervorteile: dabei sein lohnt sich!\",\"isPartOf\":{\"@id\":\"https:\/\/graswurzle.ch\/#website\"},\"primaryImageOfPage\":{\"@id\":\"https:\/\/graswurzle.ch\/verein\/mitgliedervorteile\/#primaryimage\"},\"image\":{\"@id\":\"https:\/\/graswurzle.ch\/verein\/mitgliedervorteile\/#primaryimage\"},\"thumbnailUrl\":\"https:\/\/graswurzle.ch\/wp-content\/uploads\/2023\/03\/graswurzle-sommerfest-2022-1.jpg\",\"datePublished\":\"2023-03-14T11:00:00+00:00\",\"dateModified\":\"2025-06-18T09:15:41+00:00\",\"description\":\"F\u00fcr einen Jahresbeitrag ab CHF 50.\u2013 profitierst du von unz\u00e4hligen Vorteilen. Graswurzle ist der N\u00e4hrboden f\u00fcr neue Ideen!\",\"breadcrumb\":{\"@id\":\"https:\/\/graswurzle.ch\/verein\/mitgliedervorteile\/#breadcrumb\"},\"inLanguage\":\"it-IT\",\"potentialAction\":[{\"@type\":\"ReadAction\",\"target\":[\"https:\/\/graswurzle.ch\/verein\/mitgliedervorteile\/\"]}]},{\"@type\":\"ImageObject\",\"inLanguage\":\"it-IT\",\"@id\":\"https:\/\/graswurzle.ch\/verein\/mitgliedervorteile\/#primaryimage\",\"url\":\"https:\/\/graswurzle.ch\/wp-content\/uploads\/2023\/03\/graswurzle-sommerfest-2022-1.jpg\",\"contentUrl\":\"https:\/\/graswurzle.ch\/wp-content\/uploads\/2023\/03\/graswurzle-sommerfest-2022-1.jpg\"},{\"@type\":\"BreadcrumbList\",\"@id\":\"https:\/\/graswurzle.ch\/verein\/mitgliedervorteile\/#breadcrumb\",\"itemListElement\":[{\"@type\":\"ListItem\",\"position\":1,\"name\":\"Home\",\"item\":\"https:\/\/graswurzle.ch\/\"},{\"@type\":\"ListItem\",\"position\":2,\"name\":\"Verein Graswurzle\",\"item\":\"https:\/\/graswurzle.ch\/verein\/\"},{\"@type\":\"ListItem\",\"position\":3,\"name\":\"Mitgliedervorteile\"}]},{\"@type\":\"WebSite\",\"@id\":\"https:\/\/graswurzle.ch\/#website\",\"url\":\"https:\/\/graswurzle.ch\/\",\"name\":\"Graswurzle\",\"description\":\"Begegnung -Beziehung -Boden f\u00fcr Neues!\",\"publisher\":{\"@id\":\"https:\/\/graswurzle.ch\/#organization\"},\"potentialAction\":[{\"@type\":\"SearchAction\",\"target\":{\"@type\":\"EntryPoint\",\"urlTemplate\":\"https:\/\/graswurzle.ch\/?s={search_term_string}\"},\"query-input\":{\"@type\":\"PropertyValueSpecification\",\"valueRequired\":true,\"valueName\":\"search_term_string\"}}],\"inLanguage\":\"it-IT\"},{\"@type\":\"Organization\",\"@id\":\"https:\/\/graswurzle.ch\/#organization\",\"name\":\"Graswurzle\",\"url\":\"https:\/\/graswurzle.ch\/\",\"logo\":{\"@type\":\"ImageObject\",\"inLanguage\":\"it-IT\",\"@id\":\"https:\/\/graswurzle.ch\/#\/schema\/logo\/image\/\",\"url\":\"https:\/\/graswurzle.ch\/wp-content\/uploads\/2024\/07\/cropped-gw_logo_neue_schrift.png\",\"contentUrl\":\"https:\/\/graswurzle.ch\/wp-content\/uploads\/2024\/07\/cropped-gw_logo_neue_schrift.png\",\"width\":1000,\"height\":373,\"caption\":\"Graswurzle\"},\"image\":{\"@id\":\"https:\/\/graswurzle.ch\/#\/schema\/logo\/image\/\"}}]}<\/script>\n<!-- \/ Yoast SEO plugin. -->","yoast_head_json":{"title":"Graswurzle Mitgliedervorteile: dabei sein lohnt sich!","description":"F\u00fcr einen Jahresbeitrag ab CHF 50.\u2013 profitierst du von unz\u00e4hligen Vorteilen. Graswurzle ist der N\u00e4hrboden f\u00fcr neue Ideen!","robots":{"index":"index","follow":"follow","max-snippet":"max-snippet:-1","max-image-preview":"max-image-preview:large","max-video-preview":"max-video-preview:-1"},"canonical":"https:\/\/graswurzle.ch\/it\/verein\/mitgliedervorteile\/","og_locale":"it_IT","og_type":"article","og_title":"Graswurzle Mitgliedervorteile: dabei sein lohnt sich!","og_description":"F\u00fcr einen Jahresbeitrag ab CHF 50.\u2013 profitierst du von unz\u00e4hligen Vorteilen. Graswurzle ist der N\u00e4hrboden f\u00fcr neue Ideen!","og_url":"https:\/\/graswurzle.ch\/it\/verein\/mitgliedervorteile\/","og_site_name":"Graswurzle","article_modified_time":"2025-06-18T09:15:41+00:00","og_image":[{"width":1000,"height":513,"url":"https:\/\/graswurzle.ch\/wp-content\/uploads\/2023\/03\/graswurzle-sommerfest-2022-1.jpg","type":"image\/jpeg"}],"twitter_card":"summary_large_image","twitter_title":"Graswurzle Mitgliedervorteile: dabei sein lohnt sich!","twitter_description":"F\u00fcr einen Jahresbeitrag ab CHF 50.\u2013 profitierst du von unz\u00e4hligen Vorteilen. Graswurzle ist der N\u00e4hrboden f\u00fcr neue Ideen!","twitter_image":"https:\/\/graswurzle.ch\/wp-content\/uploads\/2023\/03\/graswurzle-sommerfest-2022-1.jpg","twitter_misc":{"Tempo di lettura stimato":"3 minuti"},"schema":{"@context":"https:\/\/schema.org","@graph":[{"@type":"WebPage","@id":"https:\/\/graswurzle.ch\/verein\/mitgliedervorteile\/","url":"https:\/\/graswurzle.ch\/verein\/mitgliedervorteile\/","name":"Graswurzle Mitgliedervorteile: dabei sein lohnt sich!","isPartOf":{"@id":"https:\/\/graswurzle.ch\/#website"},"primaryImageOfPage":{"@id":"https:\/\/graswurzle.ch\/verein\/mitgliedervorteile\/#primaryimage"},"image":{"@id":"https:\/\/graswurzle.ch\/verein\/mitgliedervorteile\/#primaryimage"},"thumbnailUrl":"https:\/\/graswurzle.ch\/wp-content\/uploads\/2023\/03\/graswurzle-sommerfest-2022-1.jpg","datePublished":"2023-03-14T11:00:00+00:00","dateModified":"2025-06-18T09:15:41+00:00","description":"F\u00fcr einen Jahresbeitrag ab CHF 50.\u2013 profitierst du von unz\u00e4hligen Vorteilen. Graswurzle ist der N\u00e4hrboden f\u00fcr neue Ideen!","breadcrumb":{"@id":"https:\/\/graswurzle.ch\/verein\/mitgliedervorteile\/#breadcrumb"},"inLanguage":"it-IT","potentialAction":[{"@type":"ReadAction","target":["https:\/\/graswurzle.ch\/verein\/mitgliedervorteile\/"]}]},{"@type":"ImageObject","inLanguage":"it-IT","@id":"https:\/\/graswurzle.ch\/verein\/mitgliedervorteile\/#primaryimage","url":"https:\/\/graswurzle.ch\/wp-content\/uploads\/2023\/03\/graswurzle-sommerfest-2022-1.jpg","contentUrl":"https:\/\/graswurzle.ch\/wp-content\/uploads\/2023\/03\/graswurzle-sommerfest-2022-1.jpg"},{"@type":"BreadcrumbList","@id":"https:\/\/graswurzle.ch\/verein\/mitgliedervorteile\/#breadcrumb","itemListElement":[{"@type":"ListItem","position":1,"name":"Home","item":"https:\/\/graswurzle.ch\/"},{"@type":"ListItem","position":2,"name":"Verein Graswurzle","item":"https:\/\/graswurzle.ch\/verein\/"},{"@type":"ListItem","position":3,"name":"Mitgliedervorteile"}]},{"@type":"WebSite","@id":"https:\/\/graswurzle.ch\/#website","url":"https:\/\/graswurzle.ch\/","name":"Graswurzle","description":"Begegnung -Beziehung -Boden f\u00fcr Neues!","publisher":{"@id":"https:\/\/graswurzle.ch\/#organization"},"potentialAction":[{"@type":"SearchAction","target":{"@type":"EntryPoint","urlTemplate":"https:\/\/graswurzle.ch\/?s={search_term_string}"},"query-input":{"@type":"PropertyValueSpecification","valueRequired":true,"valueName":"search_term_string"}}],"inLanguage":"it-IT"},{"@type":"Organization","@id":"https:\/\/graswurzle.ch\/#organization","name":"Graswurzle","url":"https:\/\/graswurzle.ch\/","logo":{"@type":"ImageObject","inLanguage":"it-IT","@id":"https:\/\/graswurzle.ch\/#\/schema\/logo\/image\/","url":"https:\/\/graswurzle.ch\/wp-content\/uploads\/2024\/07\/cropped-gw_logo_neue_schrift.png","contentUrl":"https:\/\/graswurzle.ch\/wp-content\/uploads\/2024\/07\/cropped-gw_logo_neue_schrift.png","width":1000,"height":373,"caption":"Graswurzle"},"image":{"@id":"https:\/\/graswurzle.ch\/#\/schema\/logo\/image\/"}}]}},"_links":{"self":[{"href":"https:\/\/graswurzle.ch\/it\/wp-json\/wp\/v2\/pages\/18669","targetHints":{"allow":["GET"]}}],"collection":[{"href":"https:\/\/graswurzle.ch\/it\/wp-json\/wp\/v2\/pages"}],"about":[{"href":"https:\/\/graswurzle.ch\/it\/wp-json\/wp\/v2\/types\/page"}],"author":[{"embeddable":true,"href":"https:\/\/graswurzle.ch\/it\/wp-json\/wp\/v2\/users\/12"}],"replies":[{"embeddable":true,"href":"https:\/\/graswurzle.ch\/it\/wp-json\/wp\/v2\/comments?post=18669"}],"version-history":[{"count":45,"href":"https:\/\/graswurzle.ch\/it\/wp-json\/wp\/v2\/pages\/18669\/revisions"}],"predecessor-version":[{"id":25477,"href":"https:\/\/graswurzle.ch\/it\/wp-json\/wp\/v2\/pages\/18669\/revisions\/25477"}],"up":[{"embeddable":true,"href":"https:\/\/graswurzle.ch\/it\/wp-json\/wp\/v2\/pages\/6577"}],"wp:attachment":[{"href":"https:\/\/graswurzle.ch\/it\/wp-json\/wp\/v2\/media?parent=18669"}],"curies":[{"name":"wp","href":"https:\/\/api.w.org\/{rel}","templated":true}]}}