{"id":6598,"date":"2021-04-13T09:08:03","date_gmt":"2021-04-13T09:08:03","guid":{"rendered":"https:\/\/graswurzle.ch\/?page_id=6598"},"modified":"2023-05-12T21:47:26","modified_gmt":"2023-05-12T20:47:26","slug":"beitraege","status":"publish","type":"page","link":"https:\/\/graswurzle.ch\/it\/beitraege\/","title":{"rendered":"Contributi"},"content":{"rendered":"<div data-elementor-type=\"wp-page\" data-elementor-id=\"6598\" class=\"elementor elementor-6598\" data-elementor-post-type=\"page\">\n\t\t\t\t\t\t<section class=\"elementor-section elementor-top-section elementor-element elementor-element-c18d4d6 elementor-section-boxed elementor-section-height-default elementor-section-height-default\" data-id=\"c18d4d6\" data-element_type=\"section\">\n\t\t\t\t\t\t<div class=\"elementor-container elementor-column-gap-default\">\n\t\t\t\t\t<div class=\"elementor-column elementor-col-100 elementor-top-column elementor-element elementor-element-2153e9e\" data-id=\"2153e9e\" data-element_type=\"column\">\n\t\t\t<div class=\"elementor-widget-wrap elementor-element-populated\">\n\t\t\t\t\t\t<div class=\"elementor-element elementor-element-ed111ad elementor-widget elementor-widget-image\" data-id=\"ed111ad\" data-element_type=\"widget\" data-widget_type=\"image.default\">\n\t\t\t\t<div class=\"elementor-widget-container\">\n\t\t\t\t\t\t\t\t\t\t\t\t\t<img fetchpriority=\"high\" decoding=\"async\" width=\"1920\" height=\"539\" src=\"https:\/\/graswurzle.ch\/wp-content\/uploads\/2022\/10\/header_transition_news.png\" class=\"attachment-full size-full wp-image-16924\" alt=\"\" srcset=\"https:\/\/graswurzle.ch\/wp-content\/uploads\/2022\/10\/header_transition_news.png 1920w, https:\/\/graswurzle.ch\/wp-content\/uploads\/2022\/10\/header_transition_news-300x84.png 300w, https:\/\/graswurzle.ch\/wp-content\/uploads\/2022\/10\/header_transition_news-1024x287.png 1024w, https:\/\/graswurzle.ch\/wp-content\/uploads\/2022\/10\/header_transition_news-768x216.png 768w, https:\/\/graswurzle.ch\/wp-content\/uploads\/2022\/10\/header_transition_news-1536x431.png 1536w, https:\/\/graswurzle.ch\/wp-content\/uploads\/2022\/10\/header_transition_news-18x5.png 18w, https:\/\/graswurzle.ch\/wp-content\/uploads\/2022\/10\/header_transition_news-100x28.png 100w, https:\/\/graswurzle.ch\/wp-content\/uploads\/2022\/10\/header_transition_news-150x42.png 150w, https:\/\/graswurzle.ch\/wp-content\/uploads\/2022\/10\/header_transition_news-200x56.png 200w, https:\/\/graswurzle.ch\/wp-content\/uploads\/2022\/10\/header_transition_news-450x126.png 450w, https:\/\/graswurzle.ch\/wp-content\/uploads\/2022\/10\/header_transition_news-600x168.png 600w, https:\/\/graswurzle.ch\/wp-content\/uploads\/2022\/10\/header_transition_news-900x253.png 900w\" sizes=\"(max-width: 1920px) 100vw, 1920px\" \/>\t\t\t\t\t\t\t\t\t\t\t\t\t<\/div>\n\t\t\t\t<\/div>\n\t\t\t\t\t<\/div>\n\t\t<\/div>\n\t\t\t\t\t<\/div>\n\t\t<\/section>\n\t\t\t\t<section class=\"elementor-section elementor-top-section elementor-element elementor-element-cada194 elementor-section-stretched elementor-section-boxed elementor-section-height-default elementor-section-height-default\" data-id=\"cada194\" data-element_type=\"section\" data-settings=\"{&quot;stretch_section&quot;:&quot;section-stretched&quot;,&quot;background_background&quot;:&quot;classic&quot;}\">\n\t\t\t\t\t\t<div class=\"elementor-container elementor-column-gap-default\">\n\t\t\t\t\t<div class=\"elementor-column elementor-col-100 elementor-top-column elementor-element elementor-element-c77fe1a\" data-id=\"c77fe1a\" data-element_type=\"column\" data-settings=\"{&quot;background_background&quot;:&quot;classic&quot;}\">\n\t\t\t<div class=\"elementor-widget-wrap elementor-element-populated\">\n\t\t\t\t\t\t<div class=\"elementor-element elementor-element-383f426 elementor-widget elementor-widget-heading\" data-id=\"383f426\" data-element_type=\"widget\" data-widget_type=\"heading.default\">\n\t\t\t\t<div class=\"elementor-widget-container\">\n\t\t\t<h1 class=\"elementor-heading-title elementor-size-default\">Beitr\u00e4ge von transition news<\/h1>\t\t<\/div>\n\t\t\t\t<\/div>\n\t\t\t\t<section class=\"elementor-section elementor-inner-section elementor-element elementor-element-ee16de2 elementor-section-boxed elementor-section-height-default elementor-section-height-default\" data-id=\"ee16de2\" data-element_type=\"section\">\n\t\t\t\t\t\t<div class=\"elementor-container elementor-column-gap-default\">\n\t\t\t\t\t<div class=\"elementor-column elementor-col-100 elementor-inner-column elementor-element elementor-element-5b224bd\" data-id=\"5b224bd\" data-element_type=\"column\">\n\t\t\t<div class=\"elementor-widget-wrap elementor-element-populated\">\n\t\t\t\t\t\t<div class=\"elementor-element elementor-element-3020d37 elementor-widget elementor-widget-text-editor\" data-id=\"3020d37\" data-element_type=\"widget\" data-widget_type=\"text-editor.default\">\n\t\t\t\t<div class=\"elementor-widget-container\">\n\t\t\t\t\t\t\t<p>Unsere Gesellschaft muss sich ver\u00e4ndern, und <strong>wir <\/strong>sind die Medizin f\u00fcr diese Ver\u00e4nderung! Schau Dir hier in unseren Beitr\u00e4gen an, was wir schon in Bewegung gebracht haben. Oder hast Du selber eine Geschichte, die es wert ist, erz\u00e4hlt zu werden? Dann melde Dich bei <strong><a href=\"mailto:prisca.wuergler@graswurzle.ch\" target=\"_blank\" rel=\"noreferrer noopener\">Prisca W\u00fcrgler<\/a>.<\/strong><\/p>\t\t\t\t\t\t<\/div>\n\t\t\t\t<\/div>\n\t\t\t\t<div class=\"elementor-element elementor-element-1d2ef61 elementor-widget elementor-widget-text-editor\" data-id=\"1d2ef61\" data-element_type=\"widget\" data-widget_type=\"text-editor.default\">\n\t\t\t\t<div class=\"elementor-widget-container\">\n\t\t\t\t\t\t\t<p><!-- wp:paragraph --><\/p>\n<p><iframe style=\"background-color: #f000;\" src=\"https:\/\/corona-transition.org\/spip.php?page=embed&amp;id_mot=406&amp;limit=10\" height=\"500px\" frameborder=\"0\" data-mce-fragment=\"1\"><\/iframe><\/p>\n<p><!-- \/wp:paragraph --><\/p>\t\t\t\t\t\t<\/div>\n\t\t\t\t<\/div>\n\t\t\t\t\t<\/div>\n\t\t<\/div>\n\t\t\t\t\t<\/div>\n\t\t<\/section>\n\t\t\t\t\t<\/div>\n\t\t<\/div>\n\t\t\t\t\t<\/div>\n\t\t<\/section>\n\t\t\t\t<\/div>","protected":false},"excerpt":{"rendered":"<p>Beitr\u00e4ge von transition news Unsere Gesellschaft muss sich ver\u00e4ndern, und wir sind die Medizin f\u00fcr diese Ver\u00e4nderung! Schau Dir hier in unseren Beitr\u00e4gen an, was wir schon in Bewegung gebracht haben. Oder hast Du selber eine Geschichte, die es wert &hellip;<\/p>\n<p class=\"read-more\"> <a class=\"more-link\" href=\"https:\/\/graswurzle.ch\/it\/beitraege\/\"> <span class=\"screen-reader-text\">Contributi<\/span> Leggi tutto &raquo;<\/a><\/p>","protected":false},"author":13,"featured_media":0,"parent":0,"menu_order":3,"comment_status":"closed","ping_status":"closed","template":"elementor_header_footer","meta":{"footnotes":""},"class_list":["post-6598","page","type-page","status-publish","hentry"],"acf":[],"yoast_head":"<!-- This site is optimized with the Yoast SEO plugin v24.9 - https:\/\/yoast.com\/wordpress\/plugins\/seo\/ -->\n<title>Beitr\u00e4ge von transition news<\/title>\n<meta name=\"description\" content=\"Unsere Gesellschaft muss sich ver\u00e4ndern. Schau Dir in unseren Beitr\u00e4gen an, was wir schon in Bewegung gebracht haben.\" \/>\n<meta name=\"robots\" content=\"index, follow, max-snippet:-1, max-image-preview:large, max-video-preview:-1\" \/>\n<link rel=\"canonical\" href=\"https:\/\/graswurzle.ch\/it\/beitraege\/\" \/>\n<meta property=\"og:locale\" content=\"it_IT\" \/>\n<meta property=\"og:type\" content=\"article\" \/>\n<meta property=\"og:title\" content=\"Beitr\u00e4ge von transition news\" \/>\n<meta property=\"og:description\" content=\"Unsere Gesellschaft muss sich ver\u00e4ndern. Schau Dir in unseren Beitr\u00e4gen an, was wir schon in Bewegung gebracht haben.\" \/>\n<meta property=\"og:url\" content=\"https:\/\/graswurzle.ch\/it\/beitraege\/\" \/>\n<meta property=\"og:site_name\" content=\"Graswurzle\" \/>\n<meta property=\"article:modified_time\" content=\"2023-05-12T20:47:26+00:00\" \/>\n<meta property=\"og:image\" content=\"https:\/\/graswurzle.ch\/wp-content\/uploads\/2023\/05\/transition-news.jpg\" \/>\n\t<meta property=\"og:image:width\" content=\"1200\" \/>\n\t<meta property=\"og:image:height\" content=\"630\" \/>\n\t<meta property=\"og:image:type\" content=\"image\/jpeg\" \/>\n<meta name=\"twitter:card\" content=\"summary_large_image\" \/>\n<meta name=\"twitter:title\" content=\"Beitr\u00e4ge von transition news\" \/>\n<meta name=\"twitter:description\" content=\"Unsere Gesellschaft muss sich ver\u00e4ndern. Schau Dir in unseren Beitr\u00e4gen an, was wir schon in Bewegung gebracht haben.\" \/>\n<meta name=\"twitter:image\" content=\"https:\/\/graswurzle.ch\/wp-content\/uploads\/2023\/05\/transition-news.jpg\" \/>\n<meta name=\"twitter:label1\" content=\"Tempo di lettura stimato\" \/>\n\t<meta name=\"twitter:data1\" content=\"1 minuto\" \/>\n<script type=\"application\/ld+json\" class=\"yoast-schema-graph\">{\"@context\":\"https:\/\/schema.org\",\"@graph\":[{\"@type\":\"WebPage\",\"@id\":\"https:\/\/graswurzle.ch\/beitraege\/\",\"url\":\"https:\/\/graswurzle.ch\/beitraege\/\",\"name\":\"Beitr\u00e4ge von transition news\",\"isPartOf\":{\"@id\":\"https:\/\/graswurzle.ch\/#website\"},\"primaryImageOfPage\":{\"@id\":\"https:\/\/graswurzle.ch\/beitraege\/#primaryimage\"},\"image\":{\"@id\":\"https:\/\/graswurzle.ch\/beitraege\/#primaryimage\"},\"thumbnailUrl\":\"https:\/\/graswurzle.ch\/wp-content\/uploads\/2022\/10\/header_transition_news.png\",\"datePublished\":\"2021-04-13T09:08:03+00:00\",\"dateModified\":\"2023-05-12T20:47:26+00:00\",\"description\":\"Unsere Gesellschaft muss sich ver\u00e4ndern. Schau Dir in unseren Beitr\u00e4gen an, was wir schon in Bewegung gebracht haben.\",\"breadcrumb\":{\"@id\":\"https:\/\/graswurzle.ch\/beitraege\/#breadcrumb\"},\"inLanguage\":\"it-IT\",\"potentialAction\":[{\"@type\":\"ReadAction\",\"target\":[\"https:\/\/graswurzle.ch\/beitraege\/\"]}]},{\"@type\":\"ImageObject\",\"inLanguage\":\"it-IT\",\"@id\":\"https:\/\/graswurzle.ch\/beitraege\/#primaryimage\",\"url\":\"https:\/\/graswurzle.ch\/wp-content\/uploads\/2022\/10\/header_transition_news.png\",\"contentUrl\":\"https:\/\/graswurzle.ch\/wp-content\/uploads\/2022\/10\/header_transition_news.png\"},{\"@type\":\"BreadcrumbList\",\"@id\":\"https:\/\/graswurzle.ch\/beitraege\/#breadcrumb\",\"itemListElement\":[{\"@type\":\"ListItem\",\"position\":1,\"name\":\"Home\",\"item\":\"https:\/\/graswurzle.ch\/\"},{\"@type\":\"ListItem\",\"position\":2,\"name\":\"Beitr\u00e4ge\"}]},{\"@type\":\"WebSite\",\"@id\":\"https:\/\/graswurzle.ch\/#website\",\"url\":\"https:\/\/graswurzle.ch\/\",\"name\":\"Graswurzle\",\"description\":\"Begegnung -Beziehung -Boden f\u00fcr Neues!\",\"publisher\":{\"@id\":\"https:\/\/graswurzle.ch\/#organization\"},\"potentialAction\":[{\"@type\":\"SearchAction\",\"target\":{\"@type\":\"EntryPoint\",\"urlTemplate\":\"https:\/\/graswurzle.ch\/?s={search_term_string}\"},\"query-input\":{\"@type\":\"PropertyValueSpecification\",\"valueRequired\":true,\"valueName\":\"search_term_string\"}}],\"inLanguage\":\"it-IT\"},{\"@type\":\"Organization\",\"@id\":\"https:\/\/graswurzle.ch\/#organization\",\"name\":\"Graswurzle\",\"url\":\"https:\/\/graswurzle.ch\/\",\"logo\":{\"@type\":\"ImageObject\",\"inLanguage\":\"it-IT\",\"@id\":\"https:\/\/graswurzle.ch\/#\/schema\/logo\/image\/\",\"url\":\"https:\/\/graswurzle.ch\/wp-content\/uploads\/2024\/07\/cropped-gw_logo_neue_schrift.png\",\"contentUrl\":\"https:\/\/graswurzle.ch\/wp-content\/uploads\/2024\/07\/cropped-gw_logo_neue_schrift.png\",\"width\":1000,\"height\":373,\"caption\":\"Graswurzle\"},\"image\":{\"@id\":\"https:\/\/graswurzle.ch\/#\/schema\/logo\/image\/\"}}]}<\/script>\n<!-- \/ Yoast SEO plugin. -->","yoast_head_json":{"title":"Beitr\u00e4ge von transition news","description":"Unsere Gesellschaft muss sich ver\u00e4ndern. Schau Dir in unseren Beitr\u00e4gen an, was wir schon in Bewegung gebracht haben.","robots":{"index":"index","follow":"follow","max-snippet":"max-snippet:-1","max-image-preview":"max-image-preview:large","max-video-preview":"max-video-preview:-1"},"canonical":"https:\/\/graswurzle.ch\/it\/beitraege\/","og_locale":"it_IT","og_type":"article","og_title":"Beitr\u00e4ge von transition news","og_description":"Unsere Gesellschaft muss sich ver\u00e4ndern. Schau Dir in unseren Beitr\u00e4gen an, was wir schon in Bewegung gebracht haben.","og_url":"https:\/\/graswurzle.ch\/it\/beitraege\/","og_site_name":"Graswurzle","article_modified_time":"2023-05-12T20:47:26+00:00","og_image":[{"width":1200,"height":630,"url":"https:\/\/graswurzle.ch\/wp-content\/uploads\/2023\/05\/transition-news.jpg","type":"image\/jpeg"}],"twitter_card":"summary_large_image","twitter_title":"Beitr\u00e4ge von transition news","twitter_description":"Unsere Gesellschaft muss sich ver\u00e4ndern. Schau Dir in unseren Beitr\u00e4gen an, was wir schon in Bewegung gebracht haben.","twitter_image":"https:\/\/graswurzle.ch\/wp-content\/uploads\/2023\/05\/transition-news.jpg","twitter_misc":{"Tempo di lettura stimato":"1 minuto"},"schema":{"@context":"https:\/\/schema.org","@graph":[{"@type":"WebPage","@id":"https:\/\/graswurzle.ch\/beitraege\/","url":"https:\/\/graswurzle.ch\/beitraege\/","name":"Beitr\u00e4ge von transition news","isPartOf":{"@id":"https:\/\/graswurzle.ch\/#website"},"primaryImageOfPage":{"@id":"https:\/\/graswurzle.ch\/beitraege\/#primaryimage"},"image":{"@id":"https:\/\/graswurzle.ch\/beitraege\/#primaryimage"},"thumbnailUrl":"https:\/\/graswurzle.ch\/wp-content\/uploads\/2022\/10\/header_transition_news.png","datePublished":"2021-04-13T09:08:03+00:00","dateModified":"2023-05-12T20:47:26+00:00","description":"Unsere Gesellschaft muss sich ver\u00e4ndern. Schau Dir in unseren Beitr\u00e4gen an, was wir schon in Bewegung gebracht haben.","breadcrumb":{"@id":"https:\/\/graswurzle.ch\/beitraege\/#breadcrumb"},"inLanguage":"it-IT","potentialAction":[{"@type":"ReadAction","target":["https:\/\/graswurzle.ch\/beitraege\/"]}]},{"@type":"ImageObject","inLanguage":"it-IT","@id":"https:\/\/graswurzle.ch\/beitraege\/#primaryimage","url":"https:\/\/graswurzle.ch\/wp-content\/uploads\/2022\/10\/header_transition_news.png","contentUrl":"https:\/\/graswurzle.ch\/wp-content\/uploads\/2022\/10\/header_transition_news.png"},{"@type":"BreadcrumbList","@id":"https:\/\/graswurzle.ch\/beitraege\/#breadcrumb","itemListElement":[{"@type":"ListItem","position":1,"name":"Home","item":"https:\/\/graswurzle.ch\/"},{"@type":"ListItem","position":2,"name":"Beitr\u00e4ge"}]},{"@type":"WebSite","@id":"https:\/\/graswurzle.ch\/#website","url":"https:\/\/graswurzle.ch\/","name":"Graswurzle","description":"Begegnung -Beziehung -Boden f\u00fcr Neues!","publisher":{"@id":"https:\/\/graswurzle.ch\/#organization"},"potentialAction":[{"@type":"SearchAction","target":{"@type":"EntryPoint","urlTemplate":"https:\/\/graswurzle.ch\/?s={search_term_string}"},"query-input":{"@type":"PropertyValueSpecification","valueRequired":true,"valueName":"search_term_string"}}],"inLanguage":"it-IT"},{"@type":"Organization","@id":"https:\/\/graswurzle.ch\/#organization","name":"Graswurzle","url":"https:\/\/graswurzle.ch\/","logo":{"@type":"ImageObject","inLanguage":"it-IT","@id":"https:\/\/graswurzle.ch\/#\/schema\/logo\/image\/","url":"https:\/\/graswurzle.ch\/wp-content\/uploads\/2024\/07\/cropped-gw_logo_neue_schrift.png","contentUrl":"https:\/\/graswurzle.ch\/wp-content\/uploads\/2024\/07\/cropped-gw_logo_neue_schrift.png","width":1000,"height":373,"caption":"Graswurzle"},"image":{"@id":"https:\/\/graswurzle.ch\/#\/schema\/logo\/image\/"}}]}},"_links":{"self":[{"href":"https:\/\/graswurzle.ch\/it\/wp-json\/wp\/v2\/pages\/6598","targetHints":{"allow":["GET"]}}],"collection":[{"href":"https:\/\/graswurzle.ch\/it\/wp-json\/wp\/v2\/pages"}],"about":[{"href":"https:\/\/graswurzle.ch\/it\/wp-json\/wp\/v2\/types\/page"}],"author":[{"embeddable":true,"href":"https:\/\/graswurzle.ch\/it\/wp-json\/wp\/v2\/users\/13"}],"replies":[{"embeddable":true,"href":"https:\/\/graswurzle.ch\/it\/wp-json\/wp\/v2\/comments?post=6598"}],"version-history":[{"count":102,"href":"https:\/\/graswurzle.ch\/it\/wp-json\/wp\/v2\/pages\/6598\/revisions"}],"predecessor-version":[{"id":19758,"href":"https:\/\/graswurzle.ch\/it\/wp-json\/wp\/v2\/pages\/6598\/revisions\/19758"}],"wp:attachment":[{"href":"https:\/\/graswurzle.ch\/it\/wp-json\/wp\/v2\/media?parent=6598"}],"curies":[{"name":"wp","href":"https:\/\/api.w.org\/{rel}","templated":true}]}}